{"id":8,"date":"2011-09-06T11:45:55","date_gmt":"2011-09-06T11:45:55","guid":{"rendered":"http:\/\/www.javierfl.es\/cbdtapia\/?page_id=8"},"modified":"2015-09-15T12:12:56","modified_gmt":"2015-09-15T12:12:56","slug":"junta-directiva","status":"publish","type":"page","link":"http:\/\/www.gmtapia.es\/?page_id=8","title":{"rendered":"<!--:es-->Junta Directiva<!--:--><!--:as-->Xunta Directiva<!--:-->"},"content":{"rendered":"<p><!--:es--><strong>Presidente: D. JOS\u00c9 MANUEL FRAGA GONZ\u00c1LEZ <\/strong> <strong>Secretario: D. JAVIER FERN\u00c1NDEZ L\u00d3PEZ<\/strong> <strong>Tesorera: D\u00f1a. EVA MAR\u00cdA FERN\u00c1NDEZ LUI\u00d1A<\/strong><\/p>\n<table id=\"vocales\">\n<tbody>\n<tr>\n<th>Vocal Seguridad y Prevenci\u00f3n de Riesgos en la Monta\u00f1a:<\/th>\n<\/tr>\n<tr>\n<th><\/th>\n<th>D. LUIS MANUEL GUTI\u00c9RREZ ORELLANA<\/th>\n<\/tr>\n<tr>\n<th>Vocales Monta\u00f1a y Micolog\u00eda:<\/th>\n<\/tr>\n<tr>\n<th><\/th>\n<th>D. JOS\u00c9 LU\u00cdS L\u00d3PEZ S\u00c1NCHEZ<\/th>\n<\/tr>\n<tr>\n<th><\/th>\n<th>D\u00f1a. M\u00aa \u00c1NGELES MART\u00cdNEZ ERIGOYEN<\/th>\n<\/tr>\n<tr>\n<th><\/th>\n<th>D. PABLO GARC\u00cdA L\u00d3PEZ<\/th>\n<\/tr>\n<tr>\n<th><\/th>\n<th>D. JOS\u00c9 LUIS MART\u00cdN D\u00cdAZ<\/th>\n<\/tr>\n<tr>\n<th><\/th>\n<th>D. EMILIO L\u00d3PEZ FERN\u00c1NDEZ<\/th>\n<\/tr>\n<tr>\n<th><\/th>\n<th>D\u00f1a. M\u00aa JOSEFA FERN\u00c1NDEZ LUI\u00d1A<\/th>\n<\/tr>\n<tr>\n<th><\/th>\n<th>D\u00f1a. MAR\u00cdA IGL\u00c9SIAS FERN\u00c1NDEZ<\/th>\n<\/tr>\n<\/tbody>\n<\/table>\n<p><!--:--><!--:as--><strong>Presidente: D. JOS\u00c9 MANUEL FRAGA GONZ\u00c1LEZ <\/strong> <strong>Secretario: D. JAVIER FERN\u00c1NDEZ L\u00d3PEZ<\/strong> <strong>Tesorera: D\u00f1a. EVA MAR\u00cdA FERN\u00c1NDEZ LUI\u00d1A<\/strong><\/p>\n<table id=\"vocales\">\n<tbody>\n<tr>\n<th>Vocal Seguridad y Prevenci\u00f3n de Riesgos en la Monta\u00f1a:<\/th>\n<\/tr>\n<tr>\n<th><\/th>\n<th>D. LUIS MANUEL GUTI\u00c9RREZ ORELLANA<\/th>\n<\/tr>\n<tr>\n<th>Vocales Monta\u00f1a y Micolog\u00eda:<\/th>\n<\/tr>\n<tr>\n<th><\/th>\n<th>D. JOS\u00c9 LU\u00cdS L\u00d3PEZ S\u00c1NCHEZ<\/th>\n<\/tr>\n<tr>\n<th><\/th>\n<th>D\u00f1a. M\u00aa \u00c1NGELES MART\u00cdNEZ ERIGOYEN<\/th>\n<\/tr>\n<tr>\n<th><\/th>\n<th>D. PABLO GARC\u00cdA L\u00d3PEZ<\/th>\n<\/tr>\n<tr>\n<th><\/th>\n<th>D. JOS\u00c9 LUIS MART\u00cdN D\u00cdAZ<\/th>\n<\/tr>\n<tr>\n<th><\/th>\n<th>D. EMILIO L\u00d3PEZ FERN\u00c1NDEZ<\/th>\n<\/tr>\n<tr>\n<th><\/th>\n<th>D\u00f1a. M\u00aa JOSEFA FERN\u00c1NDEZ LUI\u00d1A<\/th>\n<\/tr>\n<tr>\n<th><\/th>\n<th>D\u00f1a. MAR\u00cdA IGL\u00c9SIAS FERN\u00c1NDEZ<\/th>\n<\/tr>\n<\/tbody>\n<\/table>\n<p><!--:--><\/p>\n","protected":false},"excerpt":{"rendered":"<p>Presidente: D. JOS\u00c9 MANUEL FRAGA GONZ\u00c1LEZ Secretario: D. JAVIER FERN\u00c1NDEZ L\u00d3PEZ Tesorera: D\u00f1a. EVA MAR\u00cdA FERN\u00c1NDEZ LUI\u00d1A Vocal Seguridad y Prevenci\u00f3n de Riesgos en la Monta\u00f1a: D. LUIS MANUEL GUTI\u00c9RREZ ORELLANA Vocales Monta\u00f1a y Micolog\u00eda: D. JOS\u00c9 LU\u00cdS L\u00d3PEZ S\u00c1NCHEZ D\u00f1a. M\u00aa \u00c1NGELES MART\u00cdNEZ ERIGOYEN D. PABLO GARC\u00cdA L\u00d3PEZ D. JOS\u00c9 LUIS MART\u00cdN D\u00cdAZ D. [&hellip;]<\/p>\n","protected":false},"author":1,"featured_media":0,"parent":0,"menu_order":3,"comment_status":"open","ping_status":"open","template":"","meta":{"footnotes":""},"class_list":["post-8","page","type-page","status-publish","hentry"],"_links":{"self":[{"href":"http:\/\/www.gmtapia.es\/index.php?rest_route=\/wp\/v2\/pages\/8","targetHints":{"allow":["GET"]}}],"collection":[{"href":"http:\/\/www.gmtapia.es\/index.php?rest_route=\/wp\/v2\/pages"}],"about":[{"href":"http:\/\/www.gmtapia.es\/index.php?rest_route=\/wp\/v2\/types\/page"}],"author":[{"embeddable":true,"href":"http:\/\/www.gmtapia.es\/index.php?rest_route=\/wp\/v2\/users\/1"}],"replies":[{"embeddable":true,"href":"http:\/\/www.gmtapia.es\/index.php?rest_route=%2Fwp%2Fv2%2Fcomments&post=8"}],"version-history":[{"count":15,"href":"http:\/\/www.gmtapia.es\/index.php?rest_route=\/wp\/v2\/pages\/8\/revisions"}],"predecessor-version":[{"id":1923,"href":"http:\/\/www.gmtapia.es\/index.php?rest_route=\/wp\/v2\/pages\/8\/revisions\/1923"}],"wp:attachment":[{"href":"http:\/\/www.gmtapia.es\/index.php?rest_route=%2Fwp%2Fv2%2Fmedia&parent=8"}],"curies":[{"name":"wp","href":"https:\/\/api.w.org\/{rel}","templated":true}]}}