{"id":4,"date":"2011-09-06T08:22:26","date_gmt":"2011-09-06T08:22:26","guid":{"rendered":"http:\/\/www.javierfl.es\/cbdtapia\/?page_id=4"},"modified":"2011-09-06T17:42:09","modified_gmt":"2011-09-06T17:42:09","slug":"historia","status":"publish","type":"page","link":"http:\/\/www.gmtapia.es\/?page_id=4","title":{"rendered":"Historia"},"content":{"rendered":"<p>A lo largo del a\u00f1o 1989, un grupo de personas animosas de nuestra villa, Ricardo Mart\u00ednez Platero, M\u00aa Cruz L\u00f3pez Rodr\u00edguez, Jos\u00e9 Alonso Bedia , Francisco P\u00e9rez Sanjurjo y Francisco Amor Gonz\u00e1lez., todos ellos padres \u00f3 madres muy preocupados por buscar alternativas sanas y deportivas para sus hijos, y ante la inexistencia de alg\u00fan club \u00f3 entidad de car\u00e1cter social, pensaron que ser\u00eda bueno que existiera en el Concejo de Tapia de Casariego, un club deportivo que ofreciese a j\u00f3venes y no tan j\u00f3venes la posibilidad de practicar un deporte o, al menos, alg\u00fan ejercicio que sirviese para ocupar su tiempo libre.<\/p>\n<p>Con este af\u00e1n, el 27 de Noviembre de 1989, se realiza una reuni\u00f3n constitutiva, fundando un club deportivo, al que pusieron el nombre de \u00abMarqu\u00e9s de Casariego\u00bb, en honor del gran pr\u00f3cer tapiego, al que tanto debe este peque\u00f1o concejo del Occidente de Asturias, fijando, inicialmente, cinco puntos m\u00ednimos para comenzar su andadura: no tener animo de lucro, acatar las leyes que en aquellos momentos ordenaban sobre los clubes deportivos, conseguir un domicilio social, suscribir un proyecto de estatutos y pedir la aprobaci\u00f3n e inscripci\u00f3n en el Registro correspondiente de la Conserjer\u00eda de Educaci\u00f3n, Cultura y Deportes del Principado de Asturias.<\/p>\n<p>Pocos d\u00edas despu\u00e9s, el 7 de diciembre de 1989, y en el Sal\u00f3n de Plenos del Ayuntamiento de Tapia de Casariego, se celebra una asamblea en la que una Junta Gestora, presidida por Ricardo Mart\u00ednez Platero, informa a las personas interesadas de los motivos por los que nace este club. Entre ellos, est\u00e1 el de llenar un espacio vac\u00edo que hab\u00eda tanto en el concejo de Tapia de Casariego como en los del extremo noroccidental de Asturias. Como principal finalidad destaca la de promover diferentes actividades deportivas, de tal forma que cualquier socio, de cualquier edad, pudiese encontrar una actividad acorde con sus motivaciones y facultades f\u00edsicas.<\/p>\n<p>Despu\u00e9s de aprobarse los estatutos, por unanimidad, el presidente disolvi\u00f3 la Junta Gestora y se procedi\u00f3 al nombramiento de la primera Junta Directiva que tuvo el Club, presidida por Francisco Amor Gonz\u00e1lez, y que vino a ampliar el grupo inicial con m\u00e1s personas. En aquella misma asamblea se acord\u00f3 fijar las cuotas de socio en 500 pesetas anuales para los menores de 18 a\u00f1os y de 1.000 pesetas anuales para los mayores de edad. Desde ese momento, empez\u00f3 a caminar un club que fue haci\u00e9ndose y transform\u00e1ndose poco a poco, cambiando cada a\u00f1o hasta llegar a nuestros d\u00edas.<\/p>\n<p>En el a\u00f1o 1990, se celebran muchas reuniones de la animosa Junta Directiva, encargada de darle forma, tanto al club como a las diferentes secciones que los compon\u00edan. De esta forma, empezaron con actividades como gimnasio de mantenimiento para mujeres, ajedrez, f\u00fatbol, cicloturismo y senderismo. Pero se propusieron contar con m\u00e1s y as\u00ed fueron surgiendo deportes como tenis, nataci\u00f3n, baloncesto, atletismo, f\u00fatbol sala, etc. Algunas fueron avante y otras quedaron sin poder realizarse.<\/p>\n<p>Por otro lado, la Junta Directiva comenz\u00f3 una lucha sin fin para conseguir fondos, ya que solo contaban con las cuotas de socio y era necesario mucho dinero para hacer frente a los importantes gastos que ten\u00edan: monitores, equipaciones deportivas, seguros, reparaciones en las instalaciones, etc. Solicitaron subvenciones a diferentes organismos p\u00fablicos y a entidades privadas como la Conserjer\u00eda de Educaci\u00f3n, Cultura y Deportes, el Ayuntamiento de Tapia de Casariego, a los comercios y negocios de hosteler\u00eda de Tapia y alrededores. Se recibieron muchas promesas, oficiales y oficiosas, entre las que destacan la construcci\u00f3n de una piscina y un polideportivo, promesas que, al d\u00eda de hoy, siguen siendo solo promesas incumplidas, pero que nunca acaban de concretarse.<\/p>\n<p>A lo largo de todos estos a\u00f1os fueron variando las secciones y, tambi\u00e9n, las personas que conformaban la Junta Directiva, que sigui\u00f3 presidida por Francisco Amor hasta el a\u00f1o 1999. El resto del equipo fue cambiando y por los diferentes cargos fueron pasando otras personas, hombres y mujeres preocupados porque esta entidad deportiva de Tapia se mantuviese viva.<\/p>\n<p>Las variaciones en las secciones fueron provocadas por diversos motivos. Por poner un ejemplo, la Escuela del F\u00fatbol del Real Tapia recogi\u00f3 y organizo todo lo relacionado con este deporte, absorbiendo muchas secciones del club. Esto y la aparici\u00f3n de otras organizaciones, tanto deportivas como sociales, en Tapia y alrededores, hicieron que el club se orientara a lo que es hoy en d\u00eda.<\/p>\n<p>El 30 de enero de 1999, se inicia una nueva etapa en el Club. Despu\u00e9s de muchos a\u00f1os en el cargo y por motivos de salud, deja la presidencia Francisco Amor, provocando una renovaci\u00f3n en la Junta Directiva, que pasa a presidir Ignacio Vares Garc\u00eda, con Santiago L\u00f3pez S\u00e1nchez como vicepresidente, Ram\u00f3n L\u00f3pez S\u00e1nchez como tesorero y Rafael Cascudo Noceda como secretario. Como vocales de las cuatro secciones con que contaba el Club, estaban Secundina Garc\u00eda M\u00e9ndez (Tiempo libre), Juan Miguel Ari\u00f1o Rodr\u00edguez (Micologia), Jos\u00e9 L\u00f3pez M\u00e9ndez (Cicloturismo) y Jos\u00e9 Luis L\u00f3pez S\u00e1nchez (Monta\u00f1a).<\/p>\n<p>Este equipo se enfrentar\u00eda con nuevos retos, empezando por transformar el Club en club deportivo b\u00e1sico, siguiendo las directrices de la Conserjer\u00eda de Deportes del Principado de Asturias. Se actualizan los ficheros de socios, se aprueba una subida de cuotas de socio, que quedan fijadas en 1.750 pesetas anuales para los adultos y 750 pesetas anuales para los menores de 18 a\u00f1os, se informatizan tanto los ficheros de socios como la gesti\u00f3n econ\u00f3mica y se realiza una campa\u00f1a de informaci\u00f3n en todos los medios de comunicaci\u00f3n locales y com\u00e1rcales. Tambi\u00e9n se solicitan subvenciones a diferentes entidades p\u00fablicas y privadas y se trata de aumentar la masa social del Club.<\/p>\n","protected":false},"excerpt":{"rendered":"<p>A lo largo del a\u00f1o 1989, un grupo de personas animosas de nuestra villa, Ricardo Mart\u00ednez Platero, M\u00aa Cruz L\u00f3pez Rodr\u00edguez, Jos\u00e9 Alonso Bedia , Francisco P\u00e9rez Sanjurjo y Francisco Amor Gonz\u00e1lez., todos ellos padres \u00f3 madres muy preocupados por buscar alternativas sanas y deportivas para sus hijos, y ante la inexistencia de alg\u00fan club [&hellip;]<\/p>\n","protected":false},"author":1,"featured_media":0,"parent":0,"menu_order":2,"comment_status":"open","ping_status":"open","template":"","meta":{"footnotes":""},"class_list":["post-4","page","type-page","status-publish","hentry"],"_links":{"self":[{"href":"http:\/\/www.gmtapia.es\/index.php?rest_route=\/wp\/v2\/pages\/4","targetHints":{"allow":["GET"]}}],"collection":[{"href":"http:\/\/www.gmtapia.es\/index.php?rest_route=\/wp\/v2\/pages"}],"about":[{"href":"http:\/\/www.gmtapia.es\/index.php?rest_route=\/wp\/v2\/types\/page"}],"author":[{"embeddable":true,"href":"http:\/\/www.gmtapia.es\/index.php?rest_route=\/wp\/v2\/users\/1"}],"replies":[{"embeddable":true,"href":"http:\/\/www.gmtapia.es\/index.php?rest_route=%2Fwp%2Fv2%2Fcomments&post=4"}],"version-history":[{"count":3,"href":"http:\/\/www.gmtapia.es\/index.php?rest_route=\/wp\/v2\/pages\/4\/revisions"}],"predecessor-version":[{"id":18,"href":"http:\/\/www.gmtapia.es\/index.php?rest_route=\/wp\/v2\/pages\/4\/revisions\/18"}],"wp:attachment":[{"href":"http:\/\/www.gmtapia.es\/index.php?rest_route=%2Fwp%2Fv2%2Fmedia&parent=4"}],"curies":[{"name":"wp","href":"https:\/\/api.w.org\/{rel}","templated":true}]}}